{"id":39172,"date":"2021-07-14T14:38:51","date_gmt":"2021-07-14T12:38:51","guid":{"rendered":"https:\/\/hungexpo.hu\/?page_id=39172"},"modified":"2025-11-14T12:32:27","modified_gmt":"2025-11-14T11:32:27","slug":"filminglocations","status":"publish","type":"page","link":"https:\/\/hungexpo.hu\/en\/hosted-events\/filminglocations\/","title":{"rendered":"Filming studios &#038; locations"},"content":{"rendered":"<div class=\"wp-block-image\">\n<figure class=\"aligncenter size-large is-resized\"><img loading=\"lazy\" decoding=\"async\" width=\"1024\" height=\"606\" src=\"https:\/\/hungexpo.hu\/wp-content\/uploads\/\/NYITO-KEP-1024x606.jpg\" alt=\"\" class=\"wp-image-99465\" style=\"width:777px;height:auto\" srcset=\"https:\/\/hungexpo.hu\/wp-content\/uploads\/NYITO-KEP-1024x606.jpg 1024w, https:\/\/hungexpo.hu\/wp-content\/uploads\/NYITO-KEP-300x178.jpg 300w, https:\/\/hungexpo.hu\/wp-content\/uploads\/NYITO-KEP-768x455.jpg 768w, https:\/\/hungexpo.hu\/wp-content\/uploads\/NYITO-KEP-1536x910.jpg 1536w, https:\/\/hungexpo.hu\/wp-content\/uploads\/NYITO-KEP-2048x1213.jpg 2048w\" sizes=\"(max-width: 1024px) 100vw, 1024px\" \/><\/figure><\/div>\n\n\n<div style=\"height:70px\" aria-hidden=\"true\" class=\"wp-block-spacer\"><\/div>\n\n\n\n<div class=\"wp-block-buttons is-content-justification-center is-layout-flex wp-container-core-buttons-layout-1 wp-block-buttons-is-layout-flex\">\n<div class=\"wp-block-button\"><a class=\"wp-block-button__link wp-element-button\" href=\"https:\/\/hungexpo.hu\/en\/hosted-events\/filminglocations\/studios\/\">STUDIOS<\/a><\/div>\n\n\n\n<div class=\"wp-block-button\"><a class=\"wp-block-button__link wp-element-button\" href=\"https:\/\/hungexpo.hu\/en\/hosted-events\/filminglocations\/locations\/\">LOCATIONS<\/a><\/div>\n\n\n\n<div class=\"wp-block-button is-style-fill\"><a class=\"wp-block-button__link wp-element-button\" href=\"https:\/\/hungexpo.hu\/en\/hosted-events\/filminglocations\/services\/\">SERVICES<\/a><\/div>\n<\/div>\n\n\n\n<div style=\"height:74px\" aria-hidden=\"true\" class=\"wp-block-spacer\"><\/div>\n\n\n\n<p class=\"has-text-align-center\">At Hungexpo, we have expanded our portfolio with state-of-the-art studio facilities, transforming our venue into a versatile hub for film production. Over the past decade, we have proudly hosted numerous productions \u2014 from major American films to Hungarian and international series, as well as high-end commercials.<\/p>\n\n\n\n<p class=\"has-text-align-center\">Following our recent large-scale reconstruction in 2022, we have taken a significant leap forward:<br><strong>NEW STUDIOS<\/strong> have been added to our locations, and our <strong>film service package<\/strong> has been completely refreshed to meet the highest industry standards.<\/p>\n\n\n\n<p class=\"has-text-align-center\">But we offer more than just studios. Our venue includes:<br><br>Modern offices and production spaces<br>Ample parking facilities<br>Warehouses and storage areas<br>Open spaces ideal for backlots and production bases<br><\/p>\n\n\n\n<p class=\"has-text-align-center\">Whether you are planning a feature film, TV series, or commercial shoot, Hungexpo provides the flexibility, infrastructure, and expertise to bring your project to life.<\/p>\n\n\n\n<div style=\"height:75px\" aria-hidden=\"true\" class=\"wp-block-spacer\"><\/div>\n\n\n\n<div class=\"wp-block-columns is-layout-flex wp-container-core-columns-layout-1 wp-block-columns-is-layout-flex\">\n<div class=\"wp-block-column is-layout-flow wp-block-column-is-layout-flow\">\n<div class=\"wp-block-media-text is-stacked-on-mobile\"><figure class=\"wp-block-media-text__media\"><img loading=\"lazy\" decoding=\"async\" width=\"500\" height=\"500\" src=\"https:\/\/hungexpo.hu\/wp-content\/uploads\/Ikonok3.png\" alt=\"\" class=\"wp-image-96431 size-full\" srcset=\"https:\/\/hungexpo.hu\/wp-content\/uploads\/Ikonok3.png 500w, https:\/\/hungexpo.hu\/wp-content\/uploads\/Ikonok3-300x300.png 300w, https:\/\/hungexpo.hu\/wp-content\/uploads\/Ikonok3-150x150.png 150w\" sizes=\"(max-width: 500px) 100vw, 500px\" \/><\/figure><div class=\"wp-block-media-text__content\">\n<p>Bianka P\u00c1L<br>Studio Director<br>+36 30 469 1366<\/p>\n<\/div><\/div>\n<\/div>\n\n\n\n<div class=\"wp-block-column is-layout-flow wp-block-column-is-layout-flow\">\n<div class=\"wp-block-media-text is-stacked-on-mobile\"><figure class=\"wp-block-media-text__media\"><img loading=\"lazy\" decoding=\"async\" width=\"500\" height=\"500\" src=\"https:\/\/hungexpo.hu\/wp-content\/uploads\/Ikonok-2.png\" alt=\"\" class=\"wp-image-100648 size-full\" srcset=\"https:\/\/hungexpo.hu\/wp-content\/uploads\/Ikonok-2.png 500w, https:\/\/hungexpo.hu\/wp-content\/uploads\/Ikonok-2-300x300.png 300w, https:\/\/hungexpo.hu\/wp-content\/uploads\/Ikonok-2-150x150.png 150w\" sizes=\"(max-width: 500px) 100vw, 500px\" \/><\/figure><div class=\"wp-block-media-text__content\">\n<p>\u00c1d\u00e1m N\u00c1ZER<br>Sales Manager<br>+36 30 242 6218<\/p>\n<\/div><\/div>\n<\/div>\n\n\n\n<div class=\"wp-block-column is-layout-flow wp-block-column-is-layout-flow\">\n<div class=\"wp-block-media-text is-stacked-on-mobile\"><figure class=\"wp-block-media-text__media\"><img loading=\"lazy\" decoding=\"async\" width=\"500\" height=\"500\" src=\"https:\/\/hungexpo.hu\/wp-content\/uploads\/Ikonok.png\" alt=\"\" class=\"wp-image-81819 size-full\" srcset=\"https:\/\/hungexpo.hu\/wp-content\/uploads\/Ikonok.png 500w, https:\/\/hungexpo.hu\/wp-content\/uploads\/Ikonok-300x300.png 300w, https:\/\/hungexpo.hu\/wp-content\/uploads\/Ikonok-150x150.png 150w\" sizes=\"(max-width: 500px) 100vw, 500px\" \/><\/figure><div class=\"wp-block-media-text__content\">\n<p>Andr\u00e1s R\u00d3TH<br>Sales Manager<br>+36 30 823 7845<\/p>\n<\/div><\/div>\n<\/div>\n<\/div>\n\n\n\n<div style=\"height:100px\" aria-hidden=\"true\" class=\"wp-block-spacer\"><\/div>\n\n\n\n<div class=\"wp-block-columns is-layout-flex wp-container-core-columns-layout-2 wp-block-columns-is-layout-flex\">\n<div class=\"wp-block-column is-layout-flow wp-block-column-is-layout-flow\">\n<p class=\"has-text-align-center\">Kinga ZURB\u00d3<br>Stage Manager<br>+36 30 693 2579<\/p>\n<\/div>\n\n\n\n<div class=\"wp-block-column is-layout-flow wp-block-column-is-layout-flow\">\n<p class=\"has-text-align-center\">Bence GR\u00d3F<br>Stage Manager<br>+36 30 083 7144<\/p>\n<\/div>\n<\/div>\n","protected":false},"excerpt":{"rendered":"<p>At Hungexpo, we have expanded our portfolio with state-of-the-art studio facilities, transforming our venue into a versatile hub for film production. Over the past decade, we have proudly hosted numerous productions \u2014 from major American films to Hungarian and international series, as well as high-end commercials. Following our recent large-scale reconstruction in 2022, we have [&hellip;]<\/p>\n","protected":false},"author":5,"featured_media":99465,"parent":15909,"menu_order":0,"comment_status":"closed","ping_status":"closed","template":"single-page.php","meta":{"_acf_changed":false,"footnotes":""},"acf":[],"yoast_head":"<!-- This site is optimized with the Yoast SEO plugin v23.5 - https:\/\/yoast.com\/wordpress\/plugins\/seo\/ -->\n<title>Filming studios &amp; locations - HUNGEXPO<\/title>\n<meta name=\"description\" content=\"Hungexpo already hosted several film shoots in the past 10 years - world-famous American and other productions, series and commercials.\" \/>\n<meta name=\"robots\" content=\"index, follow, max-snippet:-1, max-image-preview:large, max-video-preview:-1\" \/>\n<link rel=\"canonical\" href=\"https:\/\/hungexpo.hu\/en\/hosted-events\/filminglocations\/\" \/>\n<meta property=\"og:locale\" content=\"en_US\" \/>\n<meta property=\"og:type\" content=\"article\" \/>\n<meta property=\"og:title\" content=\"Filming studios &amp; locations - HUNGEXPO\" \/>\n<meta property=\"og:description\" content=\"Hungexpo already hosted several film shoots in the past 10 years - world-famous American and other productions, series and commercials.\" \/>\n<meta property=\"og:url\" content=\"https:\/\/hungexpo.hu\/en\/hosted-events\/filminglocations\/\" \/>\n<meta property=\"og:site_name\" content=\"HUNGEXPO\" \/>\n<meta property=\"article:modified_time\" content=\"2025-11-14T11:32:27+00:00\" \/>\n<meta property=\"og:image\" content=\"https:\/\/hungexpo.hu\/wp-content\/uploads\/NYITO-KEP-scaled.jpg\" \/>\n\t<meta property=\"og:image:width\" content=\"2560\" \/>\n\t<meta property=\"og:image:height\" content=\"1516\" \/>\n\t<meta property=\"og:image:type\" content=\"image\/jpeg\" \/>\n<meta name=\"twitter:card\" content=\"summary_large_image\" \/>\n<meta name=\"twitter:label1\" content=\"Est. reading time\" \/>\n\t<meta name=\"twitter:data1\" content=\"2 minutes\" \/>\n<script type=\"application\/ld+json\" class=\"yoast-schema-graph\">{\"@context\":\"https:\/\/schema.org\",\"@graph\":[{\"@type\":\"WebPage\",\"@id\":\"https:\/\/hungexpo.hu\/en\/hosted-events\/filminglocations\/\",\"url\":\"https:\/\/hungexpo.hu\/en\/hosted-events\/filminglocations\/\",\"name\":\"Filming studios & locations - HUNGEXPO\",\"isPartOf\":{\"@id\":\"https:\/\/hungexpo.hu\/#website\"},\"primaryImageOfPage\":{\"@id\":\"https:\/\/hungexpo.hu\/en\/hosted-events\/filminglocations\/#primaryimage\"},\"image\":{\"@id\":\"https:\/\/hungexpo.hu\/en\/hosted-events\/filminglocations\/#primaryimage\"},\"thumbnailUrl\":\"https:\/\/hungexpo.hu\/wp-content\/uploads\/NYITO-KEP-scaled.jpg\",\"datePublished\":\"2021-07-14T12:38:51+00:00\",\"dateModified\":\"2025-11-14T11:32:27+00:00\",\"description\":\"Hungexpo already hosted several film shoots in the past 10 years - world-famous American and other productions, series and commercials.\",\"breadcrumb\":{\"@id\":\"https:\/\/hungexpo.hu\/en\/hosted-events\/filminglocations\/#breadcrumb\"},\"inLanguage\":\"en-US\",\"potentialAction\":[{\"@type\":\"ReadAction\",\"target\":[\"https:\/\/hungexpo.hu\/en\/hosted-events\/filminglocations\/\"]}]},{\"@type\":\"ImageObject\",\"inLanguage\":\"en-US\",\"@id\":\"https:\/\/hungexpo.hu\/en\/hosted-events\/filminglocations\/#primaryimage\",\"url\":\"https:\/\/hungexpo.hu\/wp-content\/uploads\/NYITO-KEP-scaled.jpg\",\"contentUrl\":\"https:\/\/hungexpo.hu\/wp-content\/uploads\/NYITO-KEP-scaled.jpg\",\"width\":2560,\"height\":1516},{\"@type\":\"BreadcrumbList\",\"@id\":\"https:\/\/hungexpo.hu\/en\/hosted-events\/filminglocations\/#breadcrumb\",\"itemListElement\":[{\"@type\":\"ListItem\",\"position\":1,\"name\":\"Home\",\"item\":\"https:\/\/preview.hungexpo.hu\/en\/\"},{\"@type\":\"ListItem\",\"position\":2,\"name\":\"Hosted Events\",\"item\":\"https:\/\/hungexpo.hu\/en\/hosted-events\/\"},{\"@type\":\"ListItem\",\"position\":3,\"name\":\"Filming studios &#038; locations\"}]},{\"@type\":\"WebSite\",\"@id\":\"https:\/\/hungexpo.hu\/#website\",\"url\":\"https:\/\/hungexpo.hu\/\",\"name\":\"HUNGEXPO\",\"description\":\"...egy \u00fajabb WordPress honlap...\",\"potentialAction\":[{\"@type\":\"SearchAction\",\"target\":{\"@type\":\"EntryPoint\",\"urlTemplate\":\"https:\/\/hungexpo.hu\/?s={search_term_string}\"},\"query-input\":{\"@type\":\"PropertyValueSpecification\",\"valueRequired\":true,\"valueName\":\"search_term_string\"}}],\"inLanguage\":\"en-US\"}]}<\/script>\n<!-- \/ Yoast SEO plugin. -->","yoast_head_json":{"title":"Filming studios & locations - HUNGEXPO","description":"Hungexpo already hosted several film shoots in the past 10 years - world-famous American and other productions, series and commercials.","robots":{"index":"index","follow":"follow","max-snippet":"max-snippet:-1","max-image-preview":"max-image-preview:large","max-video-preview":"max-video-preview:-1"},"canonical":"https:\/\/hungexpo.hu\/en\/hosted-events\/filminglocations\/","og_locale":"en_US","og_type":"article","og_title":"Filming studios & locations - HUNGEXPO","og_description":"Hungexpo already hosted several film shoots in the past 10 years - world-famous American and other productions, series and commercials.","og_url":"https:\/\/hungexpo.hu\/en\/hosted-events\/filminglocations\/","og_site_name":"HUNGEXPO","article_modified_time":"2025-11-14T11:32:27+00:00","og_image":[{"width":2560,"height":1516,"url":"https:\/\/hungexpo.hu\/wp-content\/uploads\/NYITO-KEP-scaled.jpg","type":"image\/jpeg"}],"twitter_card":"summary_large_image","twitter_misc":{"Est. reading time":"2 minutes"},"schema":{"@context":"https:\/\/schema.org","@graph":[{"@type":"WebPage","@id":"https:\/\/hungexpo.hu\/en\/hosted-events\/filminglocations\/","url":"https:\/\/hungexpo.hu\/en\/hosted-events\/filminglocations\/","name":"Filming studios & locations - HUNGEXPO","isPartOf":{"@id":"https:\/\/hungexpo.hu\/#website"},"primaryImageOfPage":{"@id":"https:\/\/hungexpo.hu\/en\/hosted-events\/filminglocations\/#primaryimage"},"image":{"@id":"https:\/\/hungexpo.hu\/en\/hosted-events\/filminglocations\/#primaryimage"},"thumbnailUrl":"https:\/\/hungexpo.hu\/wp-content\/uploads\/NYITO-KEP-scaled.jpg","datePublished":"2021-07-14T12:38:51+00:00","dateModified":"2025-11-14T11:32:27+00:00","description":"Hungexpo already hosted several film shoots in the past 10 years - world-famous American and other productions, series and commercials.","breadcrumb":{"@id":"https:\/\/hungexpo.hu\/en\/hosted-events\/filminglocations\/#breadcrumb"},"inLanguage":"en-US","potentialAction":[{"@type":"ReadAction","target":["https:\/\/hungexpo.hu\/en\/hosted-events\/filminglocations\/"]}]},{"@type":"ImageObject","inLanguage":"en-US","@id":"https:\/\/hungexpo.hu\/en\/hosted-events\/filminglocations\/#primaryimage","url":"https:\/\/hungexpo.hu\/wp-content\/uploads\/NYITO-KEP-scaled.jpg","contentUrl":"https:\/\/hungexpo.hu\/wp-content\/uploads\/NYITO-KEP-scaled.jpg","width":2560,"height":1516},{"@type":"BreadcrumbList","@id":"https:\/\/hungexpo.hu\/en\/hosted-events\/filminglocations\/#breadcrumb","itemListElement":[{"@type":"ListItem","position":1,"name":"Home","item":"https:\/\/preview.hungexpo.hu\/en\/"},{"@type":"ListItem","position":2,"name":"Hosted Events","item":"https:\/\/hungexpo.hu\/en\/hosted-events\/"},{"@type":"ListItem","position":3,"name":"Filming studios &#038; locations"}]},{"@type":"WebSite","@id":"https:\/\/hungexpo.hu\/#website","url":"https:\/\/hungexpo.hu\/","name":"HUNGEXPO","description":"...egy \u00fajabb WordPress honlap...","potentialAction":[{"@type":"SearchAction","target":{"@type":"EntryPoint","urlTemplate":"https:\/\/hungexpo.hu\/?s={search_term_string}"},"query-input":{"@type":"PropertyValueSpecification","valueRequired":true,"valueName":"search_term_string"}}],"inLanguage":"en-US"}]}},"_links":{"self":[{"href":"https:\/\/hungexpo.hu\/en\/wp-json\/wp\/v2\/pages\/39172"}],"collection":[{"href":"https:\/\/hungexpo.hu\/en\/wp-json\/wp\/v2\/pages"}],"about":[{"href":"https:\/\/hungexpo.hu\/en\/wp-json\/wp\/v2\/types\/page"}],"author":[{"embeddable":true,"href":"https:\/\/hungexpo.hu\/en\/wp-json\/wp\/v2\/users\/5"}],"replies":[{"embeddable":true,"href":"https:\/\/hungexpo.hu\/en\/wp-json\/wp\/v2\/comments?post=39172"}],"version-history":[{"count":48,"href":"https:\/\/hungexpo.hu\/en\/wp-json\/wp\/v2\/pages\/39172\/revisions"}],"predecessor-version":[{"id":100650,"href":"https:\/\/hungexpo.hu\/en\/wp-json\/wp\/v2\/pages\/39172\/revisions\/100650"}],"up":[{"embeddable":true,"href":"https:\/\/hungexpo.hu\/en\/wp-json\/wp\/v2\/pages\/15909"}],"wp:featuredmedia":[{"embeddable":true,"href":"https:\/\/hungexpo.hu\/en\/wp-json\/wp\/v2\/media\/99465"}],"wp:attachment":[{"href":"https:\/\/hungexpo.hu\/en\/wp-json\/wp\/v2\/media?parent=39172"}],"curies":[{"name":"wp","href":"https:\/\/api.w.org\/{rel}","templated":true}]}}