{"id":14337,"date":"2019-10-11T12:08:02","date_gmt":"2019-10-11T10:08:02","guid":{"rendered":"https:\/\/hungexpo.hu\/nemzetkozi-vasarkepviselet\/"},"modified":"2026-04-02T12:55:44","modified_gmt":"2026-04-02T10:55:44","slug":"international-representatives","status":"publish","type":"page","link":"https:\/\/hungexpo.hu\/en\/international-representatives\/","title":{"rendered":"International representatives"},"content":{"rendered":"<p><strong>Ms Yeliz Erez<\/strong><br \/>\nTurkey \u2013 Construma, Hungarotherm, Home Design<br \/>\nWorld Expo<br \/>\n<a href=\"mailto:operation@worldexpofair.com\">operation@worldexpofair.com<\/a><br \/>\n+90 212 980 00 09<\/p>\n<hr \/>\n<p><strong>Esra \u0130brahima\u011fao\u011flu, Hakan Kurt<\/strong><br \/>\nTurkey \u2013 Sirha, Industry Days, Automotive, BoatShow, Home Design<br \/>\nMesse Turkey<br \/>\n<a href=\"mailto:esra@messeturkey.com.tr\">esra@messeturkey.com.tr<\/a>;<br \/>\n<a href=\"mailto:hakan@messeturkey.com.tr\">hakan@messeturkey.com.tr<\/a><br \/>\n+90 541 547 61 02<\/p>\n<hr \/>\n<p><strong>Carmen Capanu<\/strong><br \/>\nRomania \u2013 All shows<br \/>\nPROMO RESTART Srl.<br \/>\n<a href=\"mailto:promorestart@yahoo.com\">promorestart@yahoo.com<\/a><br \/>\n+40 746 227 905<\/p>\n<hr \/>\n<p><strong>Zilahi Imre<\/strong><br \/>\nRomania \u2013 OD Tavasz<br \/>\nFast Forward Editorial Srl<br \/>\n<a href=\"mailto:zilahi@magazinulmobilei.ro\">zilahi@magazinulmobilei.ro<\/a><br \/>\n+40 730 190 077<\/p>\n<hr \/>\n<p><strong>Kiss Zsuzsanna<\/strong><br \/>\nItaly \u2013 SIRHA (even years), Construma (odd years)<br \/>\nICE<br \/>\n<a href=\"mailto:z.kiss@ice.it\">z.kiss@ice.it<\/a><br \/>\n+36 70 312 9363<\/p>\n<hr \/>\n<p><strong>Maria Kleinova<\/strong><br \/>\nSlovakia, Czech Republic \u2013 All shows<br \/>\nSVT, s.r.o.<br \/>\n<a href=\"mailto:info@svt.sk\">info@svt.sk<\/a><br \/>\n+421 903 601 138<\/p>\n<hr \/>\n<p><strong>Ms Lyn Ying<\/strong><br \/>\nChina \u2013 Hungarotherm, Reneo<br \/>\nUexpo \/CCPIT<br \/>\n<a href=\"mailto:lyn@cisc-ccpit.org\">lyn@cisc-ccpit.org<\/a><br \/>\n+86 10 68368021<\/p>\n<hr \/>\n<p><strong>Sigitas Brazinskas<\/strong><br \/>\nBaltic countries, Ukraine, Moldova \u2013 AGROmashEXPO, Construma, Home Design, Hungarotherm, Industry Days, Automotive, SIRHA, Environtec<br \/>\n<a href=\"mailto:sigitas.brazinskas@gmail.com\">sigitas.brazinskas@gmail.com<\/a><br \/>\n+370 698 03 730<\/p>\n<hr \/>\n<p><strong>Eric Van der Berghe<\/strong><br \/>\nBenelux + France \u2013 Sirha, Boat Show, Construma, Home Design, Environtec, Caravan Salon, Hungarotherm<br \/>\nStradex International<br \/>\n<a href=\"mailto:eric@stradex.be\">eric@stradex.be<\/a><br \/>\n+32 498 33 12 26<\/p>\n<hr \/>\n<p><strong>Bogl\u00e1rka B\u00e1lint\u00a0<\/strong><br \/>\nPoland<br \/>\nPolish-Hungarian Chamber of Commerce<br \/>\n<a href=\"mailto:expo@plhucc.com\">expo@plhucc.com<\/a><br \/>\n+36 70 571 2932<\/p>\n<hr \/>\n<p><strong>Michael Pittscheidt, Paula Glink<\/strong><br \/>\nGermany, Switzerland, Austria \u2013 All shows<br \/>\nMesse &amp; Marketing Pittscheidt<br \/>\n<a href=\"mailto:info@pittscheidt.de\">info@pittscheidt.de<\/a>;<br \/>\n<a href=\"mailto:p.glink@pittscheidt.de\">p.glink@pittscheidt.de<\/a><br \/>\n+49 178 323 0938 (Paula)<\/p>\n<hr \/>\n<p><strong>Sonia Villani, Roberto Puccetti, Corrado Bonazza, Irene Tancini, Roberta Bellucci, Alessandra Andreoli<\/strong><\/p>\n<p>Italy \u2013 All shows<br \/>\nGLOBE TROTTER SAS<br \/>\n<a href=\"mailto:sonia.villani@gtrotter.it\">sonia.villani@gtrotter.it<\/a><br \/>\n<a href=\"mailto:roberto.puccetti@gtrotter.it\">roberto.puccetti@gtrotter.it<\/a><br \/>\n<a href=\"mailto:corrado.bonazza@gtrotter.it\">corrado.bonazza@gtrotter.it<\/a><br \/>\n<a href=\"mailto:irene.tancini@gtrotter.it\">irene.tancini@gtrotter.it<\/a><br \/>\n<a href=\"mailto:info@gtrotter.it\">info@gtrotter.it<\/a><br \/>\n<a href=\"mailto:alessandra.andreoli@gtrotter.it\">alessandra.andreoli@gtrotter.it<\/a><\/p>\n<hr \/>\n<p><strong>M\u00f3nika Ty\u00fcty\u00fcnkova<\/strong><br \/>\nBulgaria \u2013 All shows<br \/>\nBendida Kft<br \/>\n<a href=\"mailto:bendidakft@gmail.com\">bendidakft@gmail.com<\/a><br \/>\n+36 70 407 4086<\/p>\n<hr \/>\n<p><strong>Ana Dijan<\/strong><br \/>\nCroatia and Balkan countries \u2013 Agro, Sirha, FeHoVa, Home Design, Construma, Hungarotherm, Travel, Industry Days, Automotive, Environtec<br \/>\nSmart Expo<br \/>\n<a href=\"mailto:ana@smart-expo.eu\">ana@smart-expo.eu<\/a><br \/>\n+385 91 539 7683<\/p>\n<hr \/>\n<p><strong>Mr Bhavin Dasadiya<\/strong><br \/>\nIndia \u2013 Home Design<br \/>\nM.B. Expo Consultant<br \/>\n<a href=\"mailto:bhavin@mbexpoconsultant.in\">bhavin@mbexpoconsultant.in<\/a><br \/>\n+91 99248 11171<\/p>\n<hr \/>\n<p><strong>Sara Lee<\/strong><br \/>\nChina \u2013 AGROmashEXPO<br \/>\nBeijing Qomolangma<br \/>\n<a href=\"mailto:info@qomoexpo.com\">info@qomoexpo.com<\/a><\/p>\n<hr \/>\n<p><strong>M\u00fccahit Mendes<\/strong><br \/>\nTurkey \u2013 Agromash, Sirha<br \/>\nAnatolia Expo<br \/>\n<a href=\"mailto:operation@anatoliaexpo.com.tr\">operation@anatoliaexpo.com.tr<\/a><br \/>\n+90 212 909 4560<\/p>\n<hr \/>\n<p><strong>Eileen Yin, <\/strong><strong>Rachel Zhang<br \/>\n<\/strong>China \u2013 All shows (except Hungarotherm and Reneo)<br \/>\nSichuan-Sino-Hungarian Huaou Culture Development<br \/>\n<a href=\"mailto:yin.ailing@hepasihol.com\">yin.ailing@hepasihol.com<\/a><br \/>\n<a href=\"mailto:zhang.xinlei@hepasihol.com\">zhang.xinlei@hepasihol.com<\/a><br \/>\n+86-28-85312525-807<\/p>\n<hr \/>\n<p><strong>Wendy He<\/strong><br \/>\nChina \u2013 Industry Days, Automotive<br \/>\nIEBC Business Consulting Beijing<br \/>\n<a href=\"mailto:wendy@iebcexpo.com\">wendy@iebcexpo.com<\/a><br \/>\n+86 1511 579 8331<\/p>\n<hr \/>\n<p><strong>Zoe Yang<\/strong><br \/>\nChina (except Sichuan and Chongqing regions) \u2013 Automotive Hungary<br \/>\nChongqing Suotong Exhibition Co., Ltd<br \/>\n<a href=\"mailto:zoe_stexhibition@163.com\">zoe_stexhibition@163.com<\/a><br \/>\n+86 1399 613 7886<\/p>\n<hr \/>\n<p><strong data-start=\"114\" data-end=\"146\">Erhan Berkmen, Beyhan Baydar<\/strong><br data-start=\"146\" data-end=\"149\" \/>Turkey \u2013 Travel+ Exhibition, BoatShow and Caravan Salon<br data-start=\"204\" data-end=\"207\" data-is-only-node=\"\" \/>Taneva Fuarcilik Org. Tic. Ltd. Sti.<br data-start=\"243\" data-end=\"246\" \/><a class=\"cursor-pointer\" href=\"erhan.berkmen@taneva.com.tr\" rel=\"noopener\" data-start=\"246\" data-end=\"311\">erhan.berkmen@taneva.com.tr<\/a>; <a class=\"cursor-pointer\" href=\"beyhan@taneva.com.tr\" rel=\"noopener\" data-start=\"313\" data-end=\"364\">beyhan@taneva.com.tr<\/a><br data-start=\"364\" data-end=\"367\" \/>+90 533 3410979; +90 532 6427654<\/p>\n<hr \/>\n<p><strong>Summer Fang<\/strong><br \/>\nChina \u2013 FeHoVa<br \/>\nTope Exhibiton Services Co.,Ltd<br \/>\n<a href=\"mailto:topechina@163.com\">topechina@163.com<\/a><br \/>\n+86 139 1629 1266<\/p>\n<hr \/>\n<p><strong>Fenia Vlachogianni<\/strong><br \/>\nGreece and Cyprus \u2013 SIRHA<br \/>\nGreat Trade Exhibitions &amp; Exports Consulting Single Member P.C.<br \/>\n<a href=\"mailto:marketing@greatexhibitions.gr\">marketing@greatexhibitions.gr<\/a><br \/>\n+30 210 7755080 (ext. 204)<\/p>\n<hr \/>\n<p><strong>Damon Tong<\/strong><br \/>\nChina \u2013 Construma<br \/>\nWMW Voyage Kft.<br \/>\n<a href=\"mailto:daming@y7mail.com\">daming@y7mail.com<\/a><br \/>\n+36 30 836 6089<\/p>\n<hr \/>\n<p><strong>Jacky Liu, Cici<\/strong><br \/>\nChina \u2013 Construma, Home Design<br \/>\nChina Join Expo Co.,Ltd.<br \/>\n<a href=\"mailto:jacky_liu@join-expo.com\">jacky_liu@join-expo.com<\/a>;<br \/>\n<a href=\"mailto:641551275@qq.com\">641551275@qq.com<\/a><br \/>\n+86 17854180157<\/p>\n<hr \/>\n<p><strong>Mukesh Arora<\/strong><br \/>\nIndia \u2013 Travel, SIRHA<br \/>\nPioneer Exhibitions and Conventions Management Pvt. Ltd.<br \/>\n<a href=\"mailto:mukesh@pecmp.co.in\">mukesh@pecmp.co.in<\/a><br \/>\n+91 9967357443<\/p>\n<hr \/>\n<p><strong>Sherry Zhang; Besty Li<\/strong><br \/>\nChina \u2013 Automotive Hungary<br \/>\nChongqing Hi-Tech Incubation Center Co. Ltd.<br \/>\n<a href=\"mailto:sherryzhangcq@qq.com\">sherryzhangcq@qq.com<\/a>;<br \/>\n<a href=\"mailto:lietvxq@163.com\">lietvxq@163.com<\/a><br \/>\n+86 23 67300615; +86 23 6861 2171<\/p>\n<hr \/>\n<p><strong>L\u00e1ndori Tam\u00e1s<\/strong><br \/>\nVietnam, Kazahstan, China \u2013 AGRO, Fehova, Boat, E-bike, Caravan, Travel, Sirha, Construma, Home Design, Automotive, Industry, Environtec<br \/>\nEuResidence Investments Ltd.<br \/>\n<a href=\"mailto:tamas.landori@euresidence.hu\">tamas.landori@euresidence.hu<\/a><br \/>\n+36 30 588 2577<\/p>\n<hr \/>\n<p><strong>Wendy He<\/strong><br \/>\nChina \u2013 Industry Days<br \/>\nChina UMI International Exhibitoin Co.,Ltd.<br \/>\n<a href=\"mailto:wendyumiexpo@163.com\">wendyumiexpo@163.com<\/a><br \/>\n+86 13522417630<\/p>\n<hr \/>\n<p><strong>Karen Hu<\/strong><br \/>\nChina \u2013 Environtec<br \/>\nStrong Developer Trading<br \/>\n<a href=\"mailto:project-a@hktexpo.hk\">project-a@hktexpo.hk<\/a><br \/>\n+86 760 23887777<\/p>\n<hr \/>\n","protected":false},"excerpt":{"rendered":"<p>Ms Yeliz Erez Turkey \u2013 Construma, Hungarotherm, Home Design World Expo operation@worldexpofair.com +90 212 980 00 09 Esra \u0130brahima\u011fao\u011flu, Hakan Kurt Turkey \u2013 Sirha, Industry Days, Automotive, BoatShow, Home Design Messe Turkey esra@messeturkey.com.tr; hakan@messeturkey.com.tr +90 541 547 61 02 Carmen Capanu Romania \u2013 All shows PROMO RESTART Srl. promorestart@yahoo.com +40 746 227 905 Zilahi Imre [&hellip;]<\/p>\n","protected":false},"author":1,"featured_media":0,"parent":0,"menu_order":0,"comment_status":"closed","ping_status":"closed","template":"template-about.php","meta":{"_acf_changed":false,"footnotes":""},"acf":[],"yoast_head":"<!-- This site is optimized with the Yoast SEO plugin v23.5 - https:\/\/yoast.com\/wordpress\/plugins\/seo\/ -->\n<title>International representatives - HUNGEXPO<\/title>\n<meta name=\"robots\" content=\"index, follow, max-snippet:-1, max-image-preview:large, max-video-preview:-1\" \/>\n<link rel=\"canonical\" href=\"https:\/\/hungexpo.hu\/en\/international-representatives\/\" \/>\n<meta property=\"og:locale\" content=\"en_US\" \/>\n<meta property=\"og:type\" content=\"article\" \/>\n<meta property=\"og:title\" content=\"International representatives - HUNGEXPO\" \/>\n<meta property=\"og:description\" content=\"Ms Yeliz Erez Turkey \u2013 Construma, Hungarotherm, Home Design World Expo operation@worldexpofair.com +90 212 980 00 09 Esra \u0130brahima\u011fao\u011flu, Hakan Kurt Turkey \u2013 Sirha, Industry Days, Automotive, BoatShow, Home Design Messe Turkey esra@messeturkey.com.tr; hakan@messeturkey.com.tr +90 541 547 61 02 Carmen Capanu Romania \u2013 All shows PROMO RESTART Srl. promorestart@yahoo.com +40 746 227 905 Zilahi Imre [&hellip;]\" \/>\n<meta property=\"og:url\" content=\"https:\/\/hungexpo.hu\/en\/international-representatives\/\" \/>\n<meta property=\"og:site_name\" content=\"HUNGEXPO\" \/>\n<meta property=\"article:modified_time\" content=\"2026-04-02T10:55:44+00:00\" \/>\n<meta name=\"twitter:card\" content=\"summary_large_image\" \/>\n<meta name=\"twitter:label1\" content=\"Est. reading time\" \/>\n\t<meta name=\"twitter:data1\" content=\"3 minutes\" \/>\n<script type=\"application\/ld+json\" class=\"yoast-schema-graph\">{\"@context\":\"https:\/\/schema.org\",\"@graph\":[{\"@type\":\"WebPage\",\"@id\":\"https:\/\/hungexpo.hu\/en\/international-representatives\/\",\"url\":\"https:\/\/hungexpo.hu\/en\/international-representatives\/\",\"name\":\"International representatives - HUNGEXPO\",\"isPartOf\":{\"@id\":\"https:\/\/hungexpo.hu\/#website\"},\"datePublished\":\"2019-10-11T10:08:02+00:00\",\"dateModified\":\"2026-04-02T10:55:44+00:00\",\"breadcrumb\":{\"@id\":\"https:\/\/hungexpo.hu\/en\/international-representatives\/#breadcrumb\"},\"inLanguage\":\"en-US\",\"potentialAction\":[{\"@type\":\"ReadAction\",\"target\":[\"https:\/\/hungexpo.hu\/en\/international-representatives\/\"]}]},{\"@type\":\"BreadcrumbList\",\"@id\":\"https:\/\/hungexpo.hu\/en\/international-representatives\/#breadcrumb\",\"itemListElement\":[{\"@type\":\"ListItem\",\"position\":1,\"name\":\"Home\",\"item\":\"https:\/\/preview.hungexpo.hu\/en\/\"},{\"@type\":\"ListItem\",\"position\":2,\"name\":\"International representatives\"}]},{\"@type\":\"WebSite\",\"@id\":\"https:\/\/hungexpo.hu\/#website\",\"url\":\"https:\/\/hungexpo.hu\/\",\"name\":\"HUNGEXPO\",\"description\":\"...egy \u00fajabb WordPress honlap...\",\"potentialAction\":[{\"@type\":\"SearchAction\",\"target\":{\"@type\":\"EntryPoint\",\"urlTemplate\":\"https:\/\/hungexpo.hu\/?s={search_term_string}\"},\"query-input\":{\"@type\":\"PropertyValueSpecification\",\"valueRequired\":true,\"valueName\":\"search_term_string\"}}],\"inLanguage\":\"en-US\"}]}<\/script>\n<!-- \/ Yoast SEO plugin. -->","yoast_head_json":{"title":"International representatives - HUNGEXPO","robots":{"index":"index","follow":"follow","max-snippet":"max-snippet:-1","max-image-preview":"max-image-preview:large","max-video-preview":"max-video-preview:-1"},"canonical":"https:\/\/hungexpo.hu\/en\/international-representatives\/","og_locale":"en_US","og_type":"article","og_title":"International representatives - HUNGEXPO","og_description":"Ms Yeliz Erez Turkey \u2013 Construma, Hungarotherm, Home Design World Expo operation@worldexpofair.com +90 212 980 00 09 Esra \u0130brahima\u011fao\u011flu, Hakan Kurt Turkey \u2013 Sirha, Industry Days, Automotive, BoatShow, Home Design Messe Turkey esra@messeturkey.com.tr; hakan@messeturkey.com.tr +90 541 547 61 02 Carmen Capanu Romania \u2013 All shows PROMO RESTART Srl. promorestart@yahoo.com +40 746 227 905 Zilahi Imre [&hellip;]","og_url":"https:\/\/hungexpo.hu\/en\/international-representatives\/","og_site_name":"HUNGEXPO","article_modified_time":"2026-04-02T10:55:44+00:00","twitter_card":"summary_large_image","twitter_misc":{"Est. reading time":"3 minutes"},"schema":{"@context":"https:\/\/schema.org","@graph":[{"@type":"WebPage","@id":"https:\/\/hungexpo.hu\/en\/international-representatives\/","url":"https:\/\/hungexpo.hu\/en\/international-representatives\/","name":"International representatives - HUNGEXPO","isPartOf":{"@id":"https:\/\/hungexpo.hu\/#website"},"datePublished":"2019-10-11T10:08:02+00:00","dateModified":"2026-04-02T10:55:44+00:00","breadcrumb":{"@id":"https:\/\/hungexpo.hu\/en\/international-representatives\/#breadcrumb"},"inLanguage":"en-US","potentialAction":[{"@type":"ReadAction","target":["https:\/\/hungexpo.hu\/en\/international-representatives\/"]}]},{"@type":"BreadcrumbList","@id":"https:\/\/hungexpo.hu\/en\/international-representatives\/#breadcrumb","itemListElement":[{"@type":"ListItem","position":1,"name":"Home","item":"https:\/\/preview.hungexpo.hu\/en\/"},{"@type":"ListItem","position":2,"name":"International representatives"}]},{"@type":"WebSite","@id":"https:\/\/hungexpo.hu\/#website","url":"https:\/\/hungexpo.hu\/","name":"HUNGEXPO","description":"...egy \u00fajabb WordPress honlap...","potentialAction":[{"@type":"SearchAction","target":{"@type":"EntryPoint","urlTemplate":"https:\/\/hungexpo.hu\/?s={search_term_string}"},"query-input":{"@type":"PropertyValueSpecification","valueRequired":true,"valueName":"search_term_string"}}],"inLanguage":"en-US"}]}},"_links":{"self":[{"href":"https:\/\/hungexpo.hu\/en\/wp-json\/wp\/v2\/pages\/14337"}],"collection":[{"href":"https:\/\/hungexpo.hu\/en\/wp-json\/wp\/v2\/pages"}],"about":[{"href":"https:\/\/hungexpo.hu\/en\/wp-json\/wp\/v2\/types\/page"}],"author":[{"embeddable":true,"href":"https:\/\/hungexpo.hu\/en\/wp-json\/wp\/v2\/users\/1"}],"replies":[{"embeddable":true,"href":"https:\/\/hungexpo.hu\/en\/wp-json\/wp\/v2\/comments?post=14337"}],"version-history":[{"count":44,"href":"https:\/\/hungexpo.hu\/en\/wp-json\/wp\/v2\/pages\/14337\/revisions"}],"predecessor-version":[{"id":106378,"href":"https:\/\/hungexpo.hu\/en\/wp-json\/wp\/v2\/pages\/14337\/revisions\/106378"}],"wp:attachment":[{"href":"https:\/\/hungexpo.hu\/en\/wp-json\/wp\/v2\/media?parent=14337"}],"curies":[{"name":"wp","href":"https:\/\/api.w.org\/{rel}","templated":true}]}}